{"id":1718,"date":"2024-08-23T04:45:17","date_gmt":"2024-08-23T04:45:17","guid":{"rendered":"https:\/\/libertate.com.ar\/pruebas\/home\/"},"modified":"2026-02-19T15:31:25","modified_gmt":"2026-02-19T18:31:25","slug":"home","status":"publish","type":"page","link":"https:\/\/libertate.com.ar\/pruebas\/","title":{"rendered":"Home"},"content":{"rendered":"\n<div class=\"wp-block-uagb-container uagb-block-6c959d0c alignfull uagb-is-root-container\"><div class=\"uagb-container-inner-blocks-wrap\">\n<div class=\"wp-block-uagb-container uagb-block-b8120650\">\n<div class=\"wp-block-uagb-info-box uagb-block-c9855d8e uagb-infobox__content-wrap  uagb-infobox-icon-above-title uagb-infobox-image-valign-top wp-block-uagb-info-box--has-margin\"><div class=\"uagb-infobox-margin-wrapper\"><div class=\"uagb-ifb-content\"><div class=\"uagb-ifb-title-wrap\"><h1 class=\"uagb-ifb-title\">T\u00edtulo<\/h1><\/div><p class=\"uagb-ifb-desc\">Somos una consultora social especializada en acompa\u00f1ar la transformaci\u00f3n cultural de organizaciones con foco en diversidad, discapacidad y accesibilidad con perspectiva de g\u00e9nero, promoviendo la participaci\u00f3n activa de las personas con discapacidad en el ejercicio de sus derechos.<\/p><\/div><\/div><\/div>\n\n\n\n<div class=\"wp-block-uagb-buttons uagb-buttons__outer-wrap uagb-btn__default-btn uagb-btn-tablet__default-btn uagb-btn-mobile__default-btn uagb-block-e9fb9470\"><div class=\"uagb-buttons__wrap uagb-buttons-layout-wrap \">\n<div class=\"wp-block-uagb-buttons-child uagb-buttons__outer-wrap uagb-block-623a3916 wp-block-button\"><div class=\"uagb-button__wrapper\"><a class=\"uagb-buttons-repeater wp-block-button__link\" aria-label=\"\" href=\"#\" rel=\"follow noopener\" target=\"_self\" role=\"button\"><div class=\"uagb-button__link\">Conoc\u00e9 nuestro trabajo<\/div><\/a><\/div><\/div>\n<\/div><\/div>\n<\/div>\n<\/div><\/div>\n\n\n\n<div class=\"wp-block-uagb-container uagb-block-8489e885 alignfull uagb-is-root-container\"><div class=\"uagb-container-inner-blocks-wrap\">\n<h2 class=\"wp-block-heading has-large-font-size\">Servicios de Libertate<\/h2>\n\n\n\n<div class=\"wp-block-uagb-container uagb-layout-grid uagb-block-aa497aca alignfull uagb-is-root-container\"><div class=\"uagb-container-inner-blocks-wrap\">\n<div class=\"wp-block-uagb-container uagb-layout-grid uagb-block-947a3f2f\">\n<h2 class=\"wp-block-heading has-ast-global-color-5-color has-text-color has-link-color has-medium-font-size wp-elements-b662e39f9865509195ff5407efb35253\">Cultura DEI<\/h2>\n\n\n\n<p class=\"has-ast-global-color-5-color has-text-color has-link-color wp-elements-e26f626124b1fb7fc53a976e13305ecc\">Acompa\u00f1amos la transformaci\u00f3n cultural en diversidad y discapacidad.<\/p>\n<\/div>\n\n\n\n<div class=\"wp-block-uagb-container uagb-layout-grid uagb-block-f3899e6a\">\n<h2 class=\"wp-block-heading has-ast-global-color-5-color has-text-color has-link-color has-medium-font-size wp-elements-21b2f6d13b38bdd2cf193858699baa91\">Experiencias accesibles<\/h2>\n\n\n\n<p class=\"has-ast-global-color-5-color has-text-color has-link-color wp-elements-25d61874bb948ed527dc42974b2c1061\">Acompa\u00f1amos procesos y brindamos formaciones de accesibilidad digital, comunicaciones accesibles y atenci\u00f3n inclusiva. Brindamos la certificaci\u00f3n APTO accesible.<\/p>\n<\/div>\n<\/div><\/div>\n<\/div><\/div>\n\n\n\n<div class=\"wp-block-uagb-container uagb-block-3c2b710f alignfull uagb-is-root-container\"><div class=\"uagb-container-inner-blocks-wrap\">\n<div class=\"wp-block-uagb-advanced-heading uagb-block-48c2f920\"><h2 class=\"uagb-heading-text\">Novedades<\/h2><p class=\"uagb-desc-text\">Lorem ipsum dolor sit amet, consectetur adipisicing elit. In dolor, iusto doloremque<br>quo odio repudiandae sunt eveniet? Enim facilis laborum.<\/p><\/div>\n\n\n\n\t\t\t<div class=\"wp-block-uagb-post-grid uagb-post-grid  uagb-post__image-position-top uagb-post__image-enabled uagb-block-f59c426d     uagb-post__items uagb-post__columns-3 is-grid uagb-post__columns-tablet-2 uagb-post__columns-mobile-1 uagb-post__equal-height\" data-total=\"14\" style=\"\">\n\n\t\t\t\t\t\t\t\t\t\t\t\t<article class=\"uagb-post__inner-wrap\">\t\t\t\t\t\t\t\t<div class='uagb-post__image'>\n\t\t\t\t\t\t\t\t\t<a href=\"https:\/\/libertate.com.ar\/pruebas\/nacion-seguros-la-primera-empresa-en-obtener-la-certificacion-apto-accesible\/\" target=\"_self\" rel=\"bookmark noopener noreferrer\" class='uagb-image-ratio-2-3'><img loading=\"lazy\" decoding=\"async\" width=\"1024\" height=\"512\" src=\"https:\/\/libertate.com.ar\/pruebas\/wp-content\/uploads\/nacion-seguros-apto-accesible-1024x512.jpg\" class=\"attachment-large size-large\" alt=\"&quot;&quot;\" srcset=\"https:\/\/libertate.com.ar\/pruebas\/wp-content\/uploads\/nacion-seguros-apto-accesible-1024x512.jpg 1024w, https:\/\/libertate.com.ar\/pruebas\/wp-content\/uploads\/nacion-seguros-apto-accesible-300x150.jpg 300w, https:\/\/libertate.com.ar\/pruebas\/wp-content\/uploads\/nacion-seguros-apto-accesible-768x384.jpg 768w, https:\/\/libertate.com.ar\/pruebas\/wp-content\/uploads\/nacion-seguros-apto-accesible.jpg 1200w\" sizes=\"auto, (max-width: 1024px) 100vw, 1024px\" \/>\t\t\t\t\t<\/a>\n\t\t\t\t\t\t\t<\/div>\n\t\t\t\t\t\t<h4 class=\"uagb-post__title uagb-post__text\">\n\t\t\t\t<a href=\"https:\/\/libertate.com.ar\/pruebas\/nacion-seguros-la-primera-empresa-en-obtener-la-certificacion-apto-accesible\/\" target=\"_self\" rel=\"bookmark noopener noreferrer\">Naci\u00f3n seguros: La primera empresa en obtener la certificaci\u00f3n Apto Accesible<\/a>\n\t\t\t<\/h4>\n\t\t\t\t\t\t<div class='uagb-post__text uagb-post-grid-byline'>\n\t\t\t\t\t\t\t\t<span class=\"uagb-post__author\">\n\t\t\t\t\t\t\t\t\t<a href=\"https:\/\/libertate.com.ar\/pruebas\/author\/libertate\/\" title=\"Entradas de libertate\" rel=\"author\">libertate<\/a>\t\t\t\t<\/span>\n\t\t\t\t\t\t\t<time datetime=\"2024-08-14T23:16:56-03:00\" class=\"uagb-post__date\">\n\t\t\t\t\t\t\t\t\t14 agosto, 2024\t\t\t\t<\/time>\n\t\t\t\t\t\t<\/div>\n\t\t\t\t\t\t\t<div class='uagb-post__text uagb-post__excerpt'>\n\t\t\t\t\tDurante este verano acompa\u00f1amos a Banco Patagonia en el desarrollo\u00a0 integral de su primera edici\u00f3n&#8230;\t\t\t\t<\/div>\n\t\t\t\t\t\t<div class=\"uagb-post__text uagb-post__cta wp-block-button\">\n\t\t\t\t<a class=\"wp-block-button__link uagb-text-link\" style=\"\" href=\"https:\/\/libertate.com.ar\/pruebas\/nacion-seguros-la-primera-empresa-en-obtener-la-certificacion-apto-accesible\/\" target=\"_self\" rel=\"bookmark noopener noreferrer\">Leer m\u00e1s<\/a>\n\t\t\t<\/div>\n\t\t\t\n\t\t\t\t\t\t\t\t\t<\/article>\n\t\t\t\t\t\t\t\t\t\t\t\t\t\t\t\t<article class=\"uagb-post__inner-wrap\">\t\t\t\t\t\t\t\t<div class='uagb-post__image'>\n\t\t\t\t\t\t\t\t\t<a href=\"https:\/\/libertate.com.ar\/pruebas\/generando-comunicaciones-accesibles-con-amc-networks\/\" target=\"_self\" rel=\"bookmark noopener noreferrer\" class='uagb-image-ratio-2-3'><img loading=\"lazy\" decoding=\"async\" width=\"1024\" height=\"512\" src=\"https:\/\/libertate.com.ar\/pruebas\/wp-content\/uploads\/AMC-NetWorks-1024x512.jpg\" class=\"attachment-large size-large\" alt=\"&quot;&quot;\" srcset=\"https:\/\/libertate.com.ar\/pruebas\/wp-content\/uploads\/AMC-NetWorks-1024x512.jpg 1024w, https:\/\/libertate.com.ar\/pruebas\/wp-content\/uploads\/AMC-NetWorks-300x150.jpg 300w, https:\/\/libertate.com.ar\/pruebas\/wp-content\/uploads\/AMC-NetWorks-768x384.jpg 768w, https:\/\/libertate.com.ar\/pruebas\/wp-content\/uploads\/AMC-NetWorks.jpg 1200w\" sizes=\"auto, (max-width: 1024px) 100vw, 1024px\" \/>\t\t\t\t\t<\/a>\n\t\t\t\t\t\t\t<\/div>\n\t\t\t\t\t\t<h4 class=\"uagb-post__title uagb-post__text\">\n\t\t\t\t<a href=\"https:\/\/libertate.com.ar\/pruebas\/generando-comunicaciones-accesibles-con-amc-networks\/\" target=\"_self\" rel=\"bookmark noopener noreferrer\">Generando Comunicaciones accesibles con AMC Networks<\/a>\n\t\t\t<\/h4>\n\t\t\t\t\t\t<div class='uagb-post__text uagb-post-grid-byline'>\n\t\t\t\t\t\t\t\t<span class=\"uagb-post__author\">\n\t\t\t\t\t\t\t\t\t<a href=\"https:\/\/libertate.com.ar\/pruebas\/author\/libertate\/\" title=\"Entradas de libertate\" rel=\"author\">libertate<\/a>\t\t\t\t<\/span>\n\t\t\t\t\t\t\t<time datetime=\"2024-08-14T21:58:13-03:00\" class=\"uagb-post__date\">\n\t\t\t\t\t\t\t\t\t14 agosto, 2024\t\t\t\t<\/time>\n\t\t\t\t\t\t<\/div>\n\t\t\t\t\t\t\t<div class='uagb-post__text uagb-post__excerpt'>\n\t\t\t\t\tDurante este verano acompa\u00f1amos a Banco Patagonia en el desarrollo\u00a0 integral de su primera edici\u00f3n&#8230;\t\t\t\t<\/div>\n\t\t\t\t\t\t<div class=\"uagb-post__text uagb-post__cta wp-block-button\">\n\t\t\t\t<a class=\"wp-block-button__link uagb-text-link\" style=\"\" href=\"https:\/\/libertate.com.ar\/pruebas\/generando-comunicaciones-accesibles-con-amc-networks\/\" target=\"_self\" rel=\"bookmark noopener noreferrer\">Leer m\u00e1s<\/a>\n\t\t\t<\/div>\n\t\t\t\n\t\t\t\t\t\t\t\t\t<\/article>\n\t\t\t\t\t\t\t\t\t\t\t\t\t\t\t\t<article class=\"uagb-post__inner-wrap\">\t\t\t\t\t\t\t\t<div class='uagb-post__image'>\n\t\t\t\t\t\t\t\t\t<a href=\"https:\/\/libertate.com.ar\/pruebas\/libertate-junto-a-banco-patagonia-en-la-experiencia-de-verano-inclusiva\/\" target=\"_self\" rel=\"bookmark noopener noreferrer\" class='uagb-image-ratio-2-3'><img loading=\"lazy\" decoding=\"async\" width=\"1024\" height=\"512\" src=\"https:\/\/libertate.com.ar\/pruebas\/wp-content\/uploads\/Banco-Patagonia-1024x512.jpg\" class=\"attachment-large size-large\" alt=\"&quot;&quot;\" srcset=\"https:\/\/libertate.com.ar\/pruebas\/wp-content\/uploads\/Banco-Patagonia-1024x512.jpg 1024w, https:\/\/libertate.com.ar\/pruebas\/wp-content\/uploads\/Banco-Patagonia-300x150.jpg 300w, https:\/\/libertate.com.ar\/pruebas\/wp-content\/uploads\/Banco-Patagonia-768x384.jpg 768w, https:\/\/libertate.com.ar\/pruebas\/wp-content\/uploads\/Banco-Patagonia.jpg 1200w\" sizes=\"auto, (max-width: 1024px) 100vw, 1024px\" \/>\t\t\t\t\t<\/a>\n\t\t\t\t\t\t\t<\/div>\n\t\t\t\t\t\t<h4 class=\"uagb-post__title uagb-post__text\">\n\t\t\t\t<a href=\"https:\/\/libertate.com.ar\/pruebas\/libertate-junto-a-banco-patagonia-en-la-experiencia-de-verano-inclusiva\/\" target=\"_self\" rel=\"bookmark noopener noreferrer\">Libertate junto a Banco Patagonia en la Experiencia de Verano Inclusiva<\/a>\n\t\t\t<\/h4>\n\t\t\t\t\t\t<div class='uagb-post__text uagb-post-grid-byline'>\n\t\t\t\t\t\t\t\t<span class=\"uagb-post__author\">\n\t\t\t\t\t\t\t\t\t<a href=\"https:\/\/libertate.com.ar\/pruebas\/author\/libertate\/\" title=\"Entradas de libertate\" rel=\"author\">libertate<\/a>\t\t\t\t<\/span>\n\t\t\t\t\t\t\t<time datetime=\"2024-04-05T20:26:56-03:00\" class=\"uagb-post__date\">\n\t\t\t\t\t\t\t\t\t5 abril, 2024\t\t\t\t<\/time>\n\t\t\t\t\t\t<\/div>\n\t\t\t\t\t\t\t<div class='uagb-post__text uagb-post__excerpt'>\n\t\t\t\t\tDurante este verano acompa\u00f1amos a Banco Patagonia en el desarrollo\u00a0 integral de su primera edici\u00f3n&#8230;\t\t\t\t<\/div>\n\t\t\t\t\t\t<div class=\"uagb-post__text uagb-post__cta wp-block-button\">\n\t\t\t\t<a class=\"wp-block-button__link uagb-text-link\" style=\"\" href=\"https:\/\/libertate.com.ar\/pruebas\/libertate-junto-a-banco-patagonia-en-la-experiencia-de-verano-inclusiva\/\" target=\"_self\" rel=\"bookmark noopener noreferrer\">Leer m\u00e1s<\/a>\n\t\t\t<\/div>\n\t\t\t\n\t\t\t\t\t\t\t\t\t<\/article>\n\t\t\t\t\t\t\t\t\t\t\t<\/div>\n\t\t\t<\/div><\/div>\n\n\n\n<div class=\"wp-block-uagb-container uagb-block-823ec0b8 alignfull uagb-is-root-container\"><div class=\"uagb-container-inner-blocks-wrap\">\n<div class=\"wp-block-uagb-container uagb-block-abd1e4ab\">\n<div class=\"wp-block-uagb-advanced-heading uagb-block-7eb2a74c\"><h3 class=\"uagb-heading-text\">Sign up for the best travel tips and adventures!<\/h3><p class=\"uagb-desc-text\">Quas alias velit soluta voluptatum Etiam officiis praesent quidem, neque.<\/p><\/div>\n\n\n\n<div class=\"wp-block-uagb-forms uagb-forms__outer-wrap uagb-block-d276cdda uagb-forms__medium-btn uagb-forms-inline-field uagb-forms-button-desk-width-33  uagb-forms-button-mobile-width-100 uagb-forms-column-gap-5\"><form class=\"uagb-forms-main-form\" method=\"post\" autocomplete=\"on\" name=\"uagb-form-d276cdda\">\n<div class=\"wp-block-uagb-forms-email uagb-forms-email-wrap uagb-forms-field-set uagb-block-256e3189 uagb-forms-field-desk-width-60 uagb-forms-field-tablet-width-60 uagb-forms-field-mobile-width-100\"><div class=\"uagb-forms-email-label  uagb-forms-input-label\" id=\"256e3189\">Email<\/div><input type=\"email\" class=\"uagb-forms-email-input uagb-forms-input\" placeholder=\"Email address\" name=\"256e3189\" autocomplete=\"email\"\/><\/div>\n<div class=\"uagb-forms-form-hidden-data\"><input type=\"hidden\" class=\"uagb_forms_form_label\" value=\"Spectra Form\"\/><input type=\"hidden\" class=\"uagb_forms_form_id\" value=\"uagb-form-d276cdda\"\/><\/div><div class=\"uagb-form-reacaptcha-error-d276cdda\"><\/div><div class=\"uagb-forms-main-submit-button-wrap wp-block-button\"><button class=\"uagb-forms-main-submit-button wp-block-button__link\"><div class=\"uagb-forms-main-submit-button-text\">Subscribe<\/div><\/button><\/div><\/form><div class=\"uagb-forms-success-message-d276cdda uagb-forms-submit-message-hide\"><span>The form has been submitted successfully!<\/span><\/div><div class=\"uagb-forms-failed-message-d276cdda uagb-forms-submit-message-hide\"><span>There has been some error while submitting the form. Please verify all form fields again.<\/span><\/div><\/div>\n<\/div>\n<\/div><\/div>\n\n\n\n<div class=\"wp-block-uagb-container uagb-block-89be074d alignfull uagb-is-root-container\"><div class=\"uagb-container-inner-blocks-wrap\">\n<div class=\"wp-block-uagb-advanced-heading uagb-block-910e4e22\"><h2 class=\"uagb-heading-text\">Featured Destination<\/h2><p class=\"uagb-desc-text\">Lorem ipsum dolor sit amet, consectetur adipisicing elit. In dolor, iusto doloremque<br>quo odio repudiandae sunt eveniet? Enim facilis laborum.<\/p><\/div>\n\n\n\n<div class=\"wp-block-uagb-container uagb-block-2dacec1d\">\n<div class=\"wp-block-uagb-container uagb-block-556d0dff\">\n<div class=\"wp-block-uagb-advanced-heading uagb-block-4d2da12e\"><h3 class=\"uagb-heading-text\">AFRICA<\/h3><p class=\"uagb-desc-text\">Mysterious Chefchaouen: The Blue Pearl Of Morocco<\/p><\/div>\n<\/div>\n\n\n\n<div class=\"wp-block-uagb-container uagb-block-8ec7f9c7\">\n<div class=\"wp-block-uagb-advanced-heading uagb-block-ffee9702\"><h3 class=\"uagb-heading-text\">ASIA<\/h3><p class=\"uagb-desc-text\">Varius lectus, rhoncus laboriosam, placeat id<\/p><\/div>\n<\/div>\n\n\n\n<div class=\"wp-block-uagb-container uagb-block-49e4bd0a\">\n<div class=\"wp-block-uagb-advanced-heading uagb-block-2c61ed1f\"><h3 class=\"uagb-heading-text\">SERBIA<\/h3><p class=\"uagb-desc-text\">Eleifend, provident urna vivamus vitae tortor.<\/p><\/div>\n<\/div>\n\n\n\n<div class=\"wp-block-uagb-container uagb-block-c8b75c36\">\n<div class=\"wp-block-uagb-advanced-heading uagb-block-bb3c5b49\"><h3 class=\"uagb-heading-text\">OCEANIA<\/h3><p class=\"uagb-desc-text\">Auctor aperiam ante repellat atque, facilis Sint.<\/p><\/div>\n<\/div>\n<\/div>\n<\/div><\/div>\n\n\n\n<div class=\"wp-block-uagb-container uagb-block-76b88a11 alignfull uagb-is-root-container\"><div class=\"uagb-container-inner-blocks-wrap\">\n<div class=\"wp-block-uagb-advanced-heading uagb-block-8a3fef1e\"><h2 class=\"uagb-heading-text\">Reader\u2019s Thoughts<\/h2><\/div>\n\n\n\n<div class=\"wp-block-uagb-container uagb-block-4d6afd7c\">\n<div class=\"wp-block-uagb-container uagb-block-c76ab2c7\">\n<div class=\"wp-block-uagb-info-box uagb-block-41dff73e uagb-infobox__content-wrap  uagb-infobox-icon-above-title uagb-infobox-image-valign-top\"><div class=\"uagb-ifb-content\"><div class=\"uagb-ifb-image-content\"><img decoding=\"async\" src=\"https:\/\/websitedemos.net\/travel-08\/wp-content\/uploads\/sites\/698\/2019\/05\/auth01-free-img-150x150.jpg\" alt=\"\" width=\"100\" height=\"100\" loading=\"lazy\"\/><\/div><div class=\"uagb-ifb-title-wrap\"><span class=\"uagb-ifb-title-prefix\">Nostrud, sapiente temporibus, mus tenetur irure, possimus auctor? Quos natus reiciendis phasellus! Facilisi dicta lacus nulla, vehicula iaculis ut cillum, nec suscipit. Nihil reiciendis<\/span><h4 class=\"uagb-ifb-title\">Derrick<\/h4><\/div><\/div><\/div>\n<\/div>\n\n\n\n<div class=\"wp-block-uagb-container uagb-block-4646902e\">\n<div class=\"wp-block-uagb-info-box uagb-block-09bea78e uagb-infobox__content-wrap  uagb-infobox-icon-above-title uagb-infobox-image-valign-top\"><div class=\"uagb-ifb-content\"><div class=\"uagb-ifb-image-content\"><img decoding=\"async\" src=\"https:\/\/websitedemos.net\/travel-08\/wp-content\/uploads\/sites\/698\/2019\/05\/auth03-free-img-150x150.jpg\" alt=\"\" width=\"100\" height=\"100\" loading=\"lazy\"\/><\/div><div class=\"uagb-ifb-title-wrap\"><span class=\"uagb-ifb-title-prefix\">Delectus blanditiis gravida laoreet? Auctor nostrud unde nostrud, praesentium nullam esse cras, culpa mollit, accusantium ymenaeos maiores netus sunt.<\/span><h4 class=\"uagb-ifb-title\">Daniel Rome<\/h4><\/div><\/div><\/div>\n<\/div>\n\n\n\n<div class=\"wp-block-uagb-container uagb-block-cf182007\">\n<div class=\"wp-block-uagb-info-box uagb-block-4008091a uagb-infobox__content-wrap  uagb-infobox-icon-above-title uagb-infobox-image-valign-top\"><div class=\"uagb-ifb-content\"><div class=\"uagb-ifb-image-content\"><img decoding=\"async\" src=\"https:\/\/websitedemos.net\/travel-08\/wp-content\/uploads\/sites\/698\/2019\/05\/auth02-free-img-150x150.jpg\" alt=\"\" width=\"100\" height=\"100\" loading=\"lazy\"\/><\/div><div class=\"uagb-ifb-title-wrap\"><span class=\"uagb-ifb-title-prefix\">Tempore laboriosam quo luctus quo, proident, qui suscipit condimentum dolore error minus, harum? Class euismod aenean morbi totam rhoncus pretium condimentum<\/span><h4 class=\"uagb-ifb-title\">Joani G<\/h4><\/div><\/div><\/div>\n<\/div>\n<\/div>\n<\/div><\/div>\n\n\n\n<div class=\"wp-block-uagb-container uagb-layout-grid uagb-block-8d1c818b alignfull uagb-is-root-container\"><div class=\"uagb-container-inner-blocks-wrap\">\n<div class=\"wp-block-uagb-advanced-heading uagb-block-c56d9b64\"><h3 class=\"uagb-heading-text\">As Seen On:<\/h3><\/div>\n\n\n\n<div class=\"wp-block-uagb-image uagb-block-f7bfc289 wp-block-uagb-image--layout-default wp-block-uagb-image--effect-static wp-block-uagb-image--align-none\"><figure class=\"wp-block-uagb-image__figure\"><img decoding=\"async\" srcset=\"https:\/\/libertate.com.ar\/pruebas\/wp-content\/uploads\/2021\/03\/client-logo-2.png \" sizes=\"auto, (max-width: 480px) 150px\" src=\"https:\/\/libertate.com.ar\/pruebas\/wp-content\/uploads\/2021\/03\/client-logo-2.png\" alt=\"\" class=\"uag-image-1899\" width=\"130\" height=\"30\" title=\"\" loading=\"lazy\" role=\"img\"\/><\/figure><\/div>\n\n\n\n<div class=\"wp-block-uagb-image uagb-block-26db1c63 wp-block-uagb-image--layout-default wp-block-uagb-image--effect-static wp-block-uagb-image--align-none\"><figure class=\"wp-block-uagb-image__figure\"><img decoding=\"async\" srcset=\"https:\/\/libertate.com.ar\/pruebas\/wp-content\/uploads\/2021\/03\/client-logo-1.png \" sizes=\"auto, (max-width: 480px) 150px\" src=\"https:\/\/libertate.com.ar\/pruebas\/wp-content\/uploads\/2021\/03\/client-logo-1.png\" alt=\"\" class=\"uag-image-1898\" width=\"119\" height=\"28\" title=\"\" loading=\"lazy\" role=\"img\"\/><\/figure><\/div>\n\n\n\n<div class=\"wp-block-uagb-image uagb-block-836718f2 wp-block-uagb-image--layout-default wp-block-uagb-image--effect-static wp-block-uagb-image--align-none\"><figure class=\"wp-block-uagb-image__figure\"><img decoding=\"async\" srcset=\"https:\/\/libertate.com.ar\/pruebas\/wp-content\/uploads\/2021\/03\/client-logo-5.png \" sizes=\"auto, (max-width: 480px) 150px\" src=\"https:\/\/libertate.com.ar\/pruebas\/wp-content\/uploads\/2021\/03\/client-logo-5.png\" alt=\"\" class=\"uag-image-1897\" width=\"153\" height=\"41\" title=\"\" loading=\"lazy\" role=\"img\"\/><\/figure><\/div>\n\n\n\n<div class=\"wp-block-uagb-image uagb-block-81afc791 wp-block-uagb-image--layout-default wp-block-uagb-image--effect-static wp-block-uagb-image--align-none\"><figure class=\"wp-block-uagb-image__figure\"><img decoding=\"async\" srcset=\"https:\/\/libertate.com.ar\/pruebas\/wp-content\/uploads\/2021\/03\/client-logo-3.png \" sizes=\"auto, (max-width: 480px) 150px\" src=\"https:\/\/libertate.com.ar\/pruebas\/wp-content\/uploads\/2021\/03\/client-logo-3.png\" alt=\"\" class=\"uag-image-1895\" width=\"114\" height=\"26\" title=\"\" loading=\"lazy\" role=\"img\"\/><\/figure><\/div>\n\n\n\n<div class=\"wp-block-uagb-image uagb-block-8dcb1efa wp-block-uagb-image--layout-default wp-block-uagb-image--effect-static wp-block-uagb-image--align-none\"><figure class=\"wp-block-uagb-image__figure\"><img decoding=\"async\" srcset=\"https:\/\/libertate.com.ar\/pruebas\/wp-content\/uploads\/2021\/03\/client-logo-4.png \" sizes=\"auto, (max-width: 480px) 150px\" src=\"https:\/\/libertate.com.ar\/pruebas\/wp-content\/uploads\/2021\/03\/client-logo-4.png\" alt=\"\" class=\"uag-image-1896\" width=\"136\" height=\"27\" title=\"\" loading=\"lazy\" role=\"img\"\/><\/figure><\/div>\n<\/div><\/div>\n","protected":false},"excerpt":{"rendered":"<p>Servicios de Libertate Cultura DEI Acompa\u00f1amos la transformaci\u00f3n cultural en diversidad y discapacidad. Experiencias accesibles Acompa\u00f1amos procesos y brindamos formaciones de accesibilidad digital, comunicaciones accesibles y atenci\u00f3n inclusiva. Brindamos la certificaci\u00f3n APTO accesible. Novedades Lorem ipsum dolor sit amet, consectetur adipisicing elit. In dolor, iusto doloremquequo odio repudiandae sunt eveniet? Enim facilis laborum. Sign up [&hellip;]<\/p>\n","protected":false},"author":2,"featured_media":0,"parent":0,"menu_order":0,"comment_status":"closed","ping_status":"closed","template":"","meta":{"_uag_custom_page_level_css":"","site-sidebar-layout":"no-sidebar","site-content-layout":"plain-container","ast-site-content-layout":"normal-width-container","site-content-style":"unboxed","site-sidebar-style":"unboxed","ast-global-header-display":"","ast-banner-title-visibility":"","ast-main-header-display":"","ast-hfb-above-header-display":"","ast-hfb-below-header-display":"","ast-hfb-mobile-header-display":"","site-post-title":"disabled","ast-breadcrumbs-content":"","ast-featured-img":"disabled","footer-sml-layout":"","theme-transparent-header-meta":"default","adv-header-id-meta":"","stick-header-meta":"","header-above-stick-meta":"","header-main-stick-meta":"","header-below-stick-meta":"","astra-migrate-meta-layouts":"set","ast-page-background-enabled":"default","ast-page-background-meta":{"desktop":{"background-color":"","background-image":"","background-repeat":"repeat","background-position":"center center","background-size":"auto","background-attachment":"scroll","background-type":"","background-media":"","overlay-type":"","overlay-color":"","overlay-opacity":"","overlay-gradient":""},"tablet":{"background-color":"","background-image":"","background-repeat":"repeat","background-position":"center center","background-size":"auto","background-attachment":"scroll","background-type":"","background-media":"","overlay-type":"","overlay-color":"","overlay-opacity":"","overlay-gradient":""},"mobile":{"background-color":"","background-image":"","background-repeat":"repeat","background-position":"center center","background-size":"auto","background-attachment":"scroll","background-type":"","background-media":"","overlay-type":"","overlay-color":"","overlay-opacity":"","overlay-gradient":""}},"ast-content-background-meta":{"desktop":{"background-color":"var(--ast-global-color-5)","background-image":"","background-repeat":"repeat","background-position":"center center","background-size":"auto","background-attachment":"scroll","background-type":"","background-media":"","overlay-type":"","overlay-color":"","overlay-opacity":"","overlay-gradient":""},"tablet":{"background-color":"var(--ast-global-color-5)","background-image":"","background-repeat":"repeat","background-position":"center center","background-size":"auto","background-attachment":"scroll","background-type":"","background-media":"","overlay-type":"","overlay-color":"","overlay-opacity":"","overlay-gradient":""},"mobile":{"background-color":"var(--ast-global-color-5)","background-image":"","background-repeat":"repeat","background-position":"center center","background-size":"auto","background-attachment":"scroll","background-type":"","background-media":"","overlay-type":"","overlay-color":"","overlay-opacity":"","overlay-gradient":""}},"footnotes":""},"class_list":["post-1718","page","type-page","status-publish","hentry"],"uagb_featured_image_src":{"full":false,"thumbnail":false,"medium":false,"medium_large":false,"large":false,"1536x1536":false,"2048x2048":false},"uagb_author_info":{"display_name":"liber","author_link":"https:\/\/libertate.com.ar\/pruebas\/author\/liber\/"},"uagb_comment_info":0,"uagb_excerpt":"Servicios de Libertate Cultura DEI Acompa\u00f1amos la transformaci\u00f3n cultural en diversidad y discapacidad. Experiencias accesibles Acompa\u00f1amos procesos y brindamos formaciones de accesibilidad digital, comunicaciones accesibles y atenci\u00f3n inclusiva. Brindamos la certificaci\u00f3n APTO accesible. Novedades Lorem ipsum dolor sit amet, consectetur adipisicing elit. In dolor, iusto doloremquequo odio repudiandae sunt eveniet? Enim facilis laborum. Sign up&hellip;","_links":{"self":[{"href":"https:\/\/libertate.com.ar\/pruebas\/wp-json\/wp\/v2\/pages\/1718","targetHints":{"allow":["GET"]}}],"collection":[{"href":"https:\/\/libertate.com.ar\/pruebas\/wp-json\/wp\/v2\/pages"}],"about":[{"href":"https:\/\/libertate.com.ar\/pruebas\/wp-json\/wp\/v2\/types\/page"}],"author":[{"embeddable":true,"href":"https:\/\/libertate.com.ar\/pruebas\/wp-json\/wp\/v2\/users\/2"}],"replies":[{"embeddable":true,"href":"https:\/\/libertate.com.ar\/pruebas\/wp-json\/wp\/v2\/comments?post=1718"}],"version-history":[{"count":31,"href":"https:\/\/libertate.com.ar\/pruebas\/wp-json\/wp\/v2\/pages\/1718\/revisions"}],"predecessor-version":[{"id":4332,"href":"https:\/\/libertate.com.ar\/pruebas\/wp-json\/wp\/v2\/pages\/1718\/revisions\/4332"}],"wp:attachment":[{"href":"https:\/\/libertate.com.ar\/pruebas\/wp-json\/wp\/v2\/media?parent=1718"}],"curies":[{"name":"wp","href":"https:\/\/api.w.org\/{rel}","templated":true}]}}